{"id":646,"date":"2025-11-10T17:08:01","date_gmt":"2025-11-10T22:08:01","guid":{"rendered":"https:\/\/almango.mx\/shop\/?post_type=product&#038;p=646"},"modified":"2025-11-10T17:08:01","modified_gmt":"2025-11-10T22:08:01","slug":"asesoria-1-hora-11","status":"publish","type":"product","link":"https:\/\/almango.mx\/shop\/producto\/asesoria-1-hora-11\/","title":{"rendered":"Asesor\u00eda 1 hora (1:1)"},"content":{"rendered":"","protected":false},"excerpt":{"rendered":"<p><strong>Acompa\u00f1amiento estrat\u00e9gico 1:1<\/strong> para resolver dudas puntuales y priorizar acciones.\u00a0 Incluye minuta y pr\u00f3ximos pasos. Vigencia: 90 d\u00edas.<\/p>\n","protected":false},"featured_media":0,"comment_status":"open","ping_status":"closed","template":"","meta":[],"product_brand":[19],"product_cat":[49],"product_tag":[51,50,20],"class_list":{"0":"post-646","1":"product","2":"type-product","3":"status-publish","5":"product_brand-al-mango-co","6":"product_cat-extras","7":"product_tag-acompanamiento-empresarial","8":"product_tag-asesoria","9":"product_tag-consultoria","11":"first","12":"instock","13":"virtual","14":"purchasable","15":"product-type-simple"},"_links":{"self":[{"href":"https:\/\/almango.mx\/shop\/wp-json\/wp\/v2\/product\/646","targetHints":{"allow":["GET"]}}],"collection":[{"href":"https:\/\/almango.mx\/shop\/wp-json\/wp\/v2\/product"}],"about":[{"href":"https:\/\/almango.mx\/shop\/wp-json\/wp\/v2\/types\/product"}],"replies":[{"embeddable":true,"href":"https:\/\/almango.mx\/shop\/wp-json\/wp\/v2\/comments?post=646"}],"wp:attachment":[{"href":"https:\/\/almango.mx\/shop\/wp-json\/wp\/v2\/media?parent=646"}],"wp:term":[{"taxonomy":"product_brand","embeddable":true,"href":"https:\/\/almango.mx\/shop\/wp-json\/wp\/v2\/product_brand?post=646"},{"taxonomy":"product_cat","embeddable":true,"href":"https:\/\/almango.mx\/shop\/wp-json\/wp\/v2\/product_cat?post=646"},{"taxonomy":"product_tag","embeddable":true,"href":"https:\/\/almango.mx\/shop\/wp-json\/wp\/v2\/product_tag?post=646"}],"curies":[{"name":"wp","href":"https:\/\/api.w.org\/{rel}","templated":true}]}}