{"id":594,"date":"2025-11-04T15:17:55","date_gmt":"2025-11-04T20:17:55","guid":{"rendered":"https:\/\/almango.mx\/shop\/?post_type=product&#038;p=594"},"modified":"2025-11-12T15:52:25","modified_gmt":"2025-11-12T20:52:25","slug":"webinar-victorias-tempranas","status":"publish","type":"product","link":"https:\/\/almango.mx\/shop\/producto\/webinar-victorias-tempranas\/","title":{"rendered":"Webinar \u2013 Victorias tempranas"},"content":{"rendered":"<h3>\u00bfPor qu\u00e9 \u201cvictorias tempranas\u201d?<\/h3>\n<p>Resultados r\u00e1pidos, foco y medici\u00f3n continua. Acceso por 6 meses a la herramienta en l\u00ednea.<\/p>\n","protected":false},"excerpt":{"rendered":"<h1>\ud83e\udd6d Tu estrategia no se queda en el papel.<\/h1>\n<p class=\"lead\"><strong>Una hora de Taller pr\u00e1ctico, 100% aplicable, <\/strong>seis meses de resultados. Identifica, prioriza y ejecuta acciones de alto impacto<\/p>\n<p>\u2705 Marco simple para detectar \u201cvictorias tempranas\u201d.<br \/>\n\u2705 Acceso por 6 meses a nuestra Matriz de priorizaci\u00f3n en linea (Impacto \u00d7 facilidad\u00d7 urgencia).<br \/>\n\u2705 Plan 30| 60| 90<\/p>\n","protected":false},"featured_media":595,"comment_status":"open","ping_status":"closed","template":"","meta":[],"product_brand":[19],"product_cat":[43],"product_tag":[46,47,44,45],"class_list":{"0":"post-594","1":"product","2":"type-product","3":"status-publish","4":"has-post-thumbnail","6":"product_brand-al-mango-co","7":"product_cat-eventos","8":"product_tag-cursos-empresas","9":"product_tag-educacion-empresarial","10":"product_tag-victorias-tempranas","11":"product_tag-webinar","12":"member-discount","13":"discount-restricted","15":"first","16":"instock","17":"virtual","18":"purchasable","19":"product-type-simple"},"_links":{"self":[{"href":"https:\/\/almango.mx\/shop\/wp-json\/wp\/v2\/product\/594","targetHints":{"allow":["GET"]}}],"collection":[{"href":"https:\/\/almango.mx\/shop\/wp-json\/wp\/v2\/product"}],"about":[{"href":"https:\/\/almango.mx\/shop\/wp-json\/wp\/v2\/types\/product"}],"replies":[{"embeddable":true,"href":"https:\/\/almango.mx\/shop\/wp-json\/wp\/v2\/comments?post=594"}],"wp:featuredmedia":[{"embeddable":true,"href":"https:\/\/almango.mx\/shop\/wp-json\/wp\/v2\/media\/595"}],"wp:attachment":[{"href":"https:\/\/almango.mx\/shop\/wp-json\/wp\/v2\/media?parent=594"}],"wp:term":[{"taxonomy":"product_brand","embeddable":true,"href":"https:\/\/almango.mx\/shop\/wp-json\/wp\/v2\/product_brand?post=594"},{"taxonomy":"product_cat","embeddable":true,"href":"https:\/\/almango.mx\/shop\/wp-json\/wp\/v2\/product_cat?post=594"},{"taxonomy":"product_tag","embeddable":true,"href":"https:\/\/almango.mx\/shop\/wp-json\/wp\/v2\/product_tag?post=594"}],"curies":[{"name":"wp","href":"https:\/\/api.w.org\/{rel}","templated":true}]}}