{"id":542,"date":"2025-11-01T09:00:49","date_gmt":"2025-11-01T14:00:49","guid":{"rendered":"https:\/\/almango.mx\/shop\/mi-cuenta\/"},"modified":"2025-11-13T07:29:30","modified_gmt":"2025-11-13T12:29:30","slug":"mi-cuenta","status":"publish","type":"page","link":"https:\/\/almango.mx\/shop\/mi-cuenta\/","title":{"rendered":"Mi cuenta"},"content":{"rendered":"\t\t<div data-elementor-type=\"wp-page\" data-elementor-id=\"542\" class=\"elementor elementor-542\" data-elementor-post-type=\"page\">\n\t\t\t\t<div class=\"elementor-element elementor-element-8097846 e-flex e-con-boxed e-con e-parent\" data-id=\"8097846\" data-element_type=\"container\" data-e-type=\"container\">\n\t\t\t\t\t<div class=\"e-con-inner\">\n\t\t\t\t<div class=\"elementor-element elementor-element-0bbb43b e-my-account-tabs-vertical elementor-widget elementor-widget-woocommerce-my-account\" data-id=\"0bbb43b\" data-element_type=\"widget\" data-e-type=\"widget\" data-widget_type=\"woocommerce-my-account.default\">\n\t\t\t\t\t<div class=\"e-my-account-tab e-my-account-tab__ \">\t\t\t<div class=\"woocommerce\"><\/div>\t\t<\/div>\n\t\t\t\t\t\t<\/div>\n\t\t\t\t\t<\/div>\n\t\t\t\t<\/div>\n\t\t\t\t<\/div>\n\t\t","protected":false},"excerpt":{"rendered":"<p>Dashboard Mis Pedidos Mis diagn\u00f3sticos Descargas Direcci\u00f3n M\u00e9todos de pago Detalles de la cuenta Salir Hola admin (\u00bfno eres admin? Cerrar sesi\u00f3n) Desde el escritorio de tu cuenta puedes ver tus pedidos recientes, gestionar tu direcci\u00f3n de facturaci\u00f3n y editar tu contrase\u00f1a y los detalles de tu cuenta.<\/p>\n","protected":false},"author":1,"featured_media":0,"parent":0,"menu_order":0,"comment_status":"closed","ping_status":"closed","template":"","meta":{"footnotes":""},"class_list":["post-542","page","type-page","status-publish","hentry"],"_links":{"self":[{"href":"https:\/\/almango.mx\/shop\/wp-json\/wp\/v2\/pages\/542","targetHints":{"allow":["GET"]}}],"collection":[{"href":"https:\/\/almango.mx\/shop\/wp-json\/wp\/v2\/pages"}],"about":[{"href":"https:\/\/almango.mx\/shop\/wp-json\/wp\/v2\/types\/page"}],"author":[{"embeddable":true,"href":"https:\/\/almango.mx\/shop\/wp-json\/wp\/v2\/users\/1"}],"replies":[{"embeddable":true,"href":"https:\/\/almango.mx\/shop\/wp-json\/wp\/v2\/comments?post=542"}],"version-history":[{"count":10,"href":"https:\/\/almango.mx\/shop\/wp-json\/wp\/v2\/pages\/542\/revisions"}],"predecessor-version":[{"id":659,"href":"https:\/\/almango.mx\/shop\/wp-json\/wp\/v2\/pages\/542\/revisions\/659"}],"wp:attachment":[{"href":"https:\/\/almango.mx\/shop\/wp-json\/wp\/v2\/media?parent=542"}],"curies":[{"name":"wp","href":"https:\/\/api.w.org\/{rel}","templated":true}]}}